{"id":1958,"date":"2023-11-21T08:35:38","date_gmt":"2023-11-21T05:35:38","guid":{"rendered":"http:\/\/localhost\/theratio\/?page_id=1958"},"modified":"2024-07-21T03:12:39","modified_gmt":"2024-07-21T00:12:39","slug":"hakkimizda","status":"publish","type":"page","link":"https:\/\/moldtekno.com\/en\/hakkimizda\/","title":{"rendered":"Hakk\u0131m\u0131zda"},"content":{"rendered":"<div data-elementor-type=\"wp-page\" data-elementor-id=\"1958\" class=\"elementor elementor-1958\" data-elementor-post-type=\"page\">\n\t\t\t\t\t\t<section class=\"elementor-section elementor-top-section elementor-element elementor-element-bdd9939 elementor-section-content-middle elementor-section-boxed elementor-section-height-default elementor-section-height-default\" data-id=\"bdd9939\" data-element_type=\"section\" data-e-type=\"section\">\n\t\t\t\t\t\t<div class=\"elementor-container elementor-column-gap-extended\">\n\t\t\t\t\t<div class=\"elementor-column elementor-col-50 elementor-top-column elementor-element elementor-element-12b070d ot-flex-column-vertical\" data-id=\"12b070d\" data-element_type=\"column\" data-e-type=\"column\">\n\t\t\t<div class=\"elementor-widget-wrap elementor-element-populated\">\n\t\t\t\t\t\t<div class=\"elementor-element elementor-element-ea70568 elementor-widget elementor-widget-image\" data-id=\"ea70568\" data-element_type=\"widget\" data-e-type=\"widget\" data-widget_type=\"image.default\">\n\t\t\t\t<div class=\"elementor-widget-container\">\n\t\t\t\t\t\t\t\t\t\t\t\t\t\t\t<img fetchpriority=\"high\" decoding=\"async\" width=\"1523\" height=\"751\" src=\"https:\/\/moldtekno.com\/wp-content\/uploads\/2023\/11\/20231110_130517-1-scaled-e1700605030524.jpg\" class=\"attachment-full size-full wp-image-6672\" alt=\"\" srcset=\"https:\/\/moldtekno.com\/wp-content\/uploads\/2023\/11\/20231110_130517-1-scaled-e1700605030524.jpg 1523w, https:\/\/moldtekno.com\/wp-content\/uploads\/2023\/11\/20231110_130517-1-scaled-e1700605030524-300x148.jpg 300w, https:\/\/moldtekno.com\/wp-content\/uploads\/2023\/11\/20231110_130517-1-scaled-e1700605030524-1024x505.jpg 1024w, https:\/\/moldtekno.com\/wp-content\/uploads\/2023\/11\/20231110_130517-1-scaled-e1700605030524-768x379.jpg 768w, https:\/\/moldtekno.com\/wp-content\/uploads\/2023\/11\/20231110_130517-1-scaled-e1700605030524-18x9.jpg 18w\" sizes=\"(max-width: 1523px) 100vw, 1523px\" \/>\t\t\t\t\t\t\t\t\t\t\t\t\t\t\t<\/div>\n\t\t\t\t<\/div>\n\t\t\t\t\t<\/div>\n\t\t<\/div>\n\t\t\t\t<div class=\"elementor-column elementor-col-50 elementor-top-column elementor-element elementor-element-c955026 ot-flex-column-vertical\" data-id=\"c955026\" data-element_type=\"column\" data-e-type=\"column\">\n\t\t\t<div class=\"elementor-widget-wrap elementor-element-populated\">\n\t\t\t\t\t\t<div class=\"elementor-element elementor-element-94474d6 elementor-widget elementor-widget-iheading\" data-id=\"94474d6\" data-element_type=\"widget\" data-e-type=\"widget\" data-widget_type=\"iheading.default\">\n\t\t\t\t<div class=\"elementor-widget-container\">\n\t\t\t\t\t\t\t<div class=\"ot-heading\">\r\n\t        <span>Hakk\u0131m\u0131zda<\/span>\t        \t    <\/div>\r\n\t    \t\t\t\t<\/div>\n\t\t\t\t<\/div>\n\t\t\t\t<div class=\"elementor-element elementor-element-4408703 elementor-widget elementor-widget-text-editor\" data-id=\"4408703\" data-element_type=\"widget\" data-e-type=\"widget\" data-widget_type=\"text-editor.default\">\n\t\t\t\t<div class=\"elementor-widget-container\">\n\t\t\t\t\t\t\t\t\t<div id=\"kurumsal-yazi\"><div class=\"stil3\" align=\"center\"><p class=\"stil5\" align=\"justify\">Firmam\u0131z 2018 y\u0131l\u0131nda Yunus K\u00d6RO\u011eLU taraf\u0131ndan kurulmu\u015f ve \u00e7ok k\u0131sa s\u00fcrede siz de\u011ferli m\u00fc\u015fterilerimizin tevecc\u00fch\u00fcn\u00fc kazanarak yoluna devam etmektedir.<br \/><br \/>Tekno Mold LTD. \u015eT\u0130. olarak uluslararas\u0131 standartlara uygun \u00fcr\u00fcnler kullanmakta ve \u00fcretmekteyiz.<\/p><\/div><\/div>\t\t\t\t\t\t\t\t<\/div>\n\t\t\t\t<\/div>\n\t\t\t\t\t<\/div>\n\t\t<\/div>\n\t\t\t\t\t<\/div>\n\t\t<\/section>\n\t\t\t\t<section class=\"elementor-section elementor-top-section elementor-element elementor-element-84da9af elementor-section-boxed elementor-section-height-default elementor-section-height-default\" data-id=\"84da9af\" data-element_type=\"section\" data-e-type=\"section\">\n\t\t\t\t\t\t<div class=\"elementor-container elementor-column-gap-extended\">\n\t\t\t\t\t<div class=\"elementor-column elementor-col-50 elementor-top-column elementor-element elementor-element-2ebb682 ot-flex-column-vertical\" data-id=\"2ebb682\" data-element_type=\"column\" data-e-type=\"column\">\n\t\t\t<div class=\"elementor-widget-wrap\">\n\t\t\t\t\t\t\t<\/div>\n\t\t<\/div>\n\t\t\t\t<div class=\"elementor-column elementor-col-50 elementor-top-column elementor-element elementor-element-94d1f27 ot-flex-column-vertical\" data-id=\"94d1f27\" data-element_type=\"column\" data-e-type=\"column\">\n\t\t\t<div class=\"elementor-widget-wrap elementor-element-populated\">\n\t\t\t\t\t\t<div class=\"elementor-element elementor-element-4ac73e6 elementor-widget elementor-widget-image\" data-id=\"4ac73e6\" data-element_type=\"widget\" data-e-type=\"widget\" data-widget_type=\"image.default\">\n\t\t\t\t<div class=\"elementor-widget-container\">\n\t\t\t\t\t\t\t\t\t\t\t\t\t\t\t<img decoding=\"async\" width=\"1024\" height=\"521\" src=\"https:\/\/moldtekno.com\/wp-content\/uploads\/2023\/11\/20231110_123113-1024x521.jpg\" class=\"attachment-large size-large wp-image-6714\" alt=\"\" srcset=\"https:\/\/moldtekno.com\/wp-content\/uploads\/2023\/11\/20231110_123113-1024x521.jpg 1024w, https:\/\/moldtekno.com\/wp-content\/uploads\/2023\/11\/20231110_123113-300x153.jpg 300w, https:\/\/moldtekno.com\/wp-content\/uploads\/2023\/11\/20231110_123113-768x391.jpg 768w, https:\/\/moldtekno.com\/wp-content\/uploads\/2023\/11\/20231110_123113-1536x781.jpg 1536w, https:\/\/moldtekno.com\/wp-content\/uploads\/2023\/11\/20231110_123113-2048x1041.jpg 2048w\" sizes=\"(max-width: 1024px) 100vw, 1024px\" \/>\t\t\t\t\t\t\t\t\t\t\t\t\t\t\t<\/div>\n\t\t\t\t<\/div>\n\t\t\t\t\t<\/div>\n\t\t<\/div>\n\t\t\t\t\t<\/div>\n\t\t<\/section>\n\t\t\t\t<section class=\"elementor-section elementor-top-section elementor-element elementor-element-26753c4 elementor-section-boxed elementor-section-height-default elementor-section-height-default\" data-id=\"26753c4\" data-element_type=\"section\" data-e-type=\"section\">\n\t\t\t\t\t\t<div class=\"elementor-container elementor-column-gap-extended\">\n\t\t\t\t\t<div class=\"elementor-column elementor-col-50 elementor-top-column elementor-element elementor-element-8719266 ot-flex-column-vertical\" data-id=\"8719266\" data-element_type=\"column\" data-e-type=\"column\">\n\t\t\t<div class=\"elementor-widget-wrap elementor-element-populated\">\n\t\t\t\t\t\t<div class=\"elementor-element elementor-element-adc4281 elementor-widget elementor-widget-iaccordions\" data-id=\"adc4281\" data-element_type=\"widget\" data-e-type=\"widget\" data-widget_type=\"iaccordions.default\">\n\t\t\t\t<div class=\"elementor-widget-container\">\n\t\t\t\t\t\r\n\t\t<div class=\"ot-accordions\">\r\n\t\t\t\t\t\t<div class=\"acc-item\">\r\n\t\t\t\t<div class=\"acc-toggle flex-middle\" data-default=\"\">M\u0130SYON \r\n\t\t\t\t\t\t\t\t\t\t\t\t\t\t\t\t\t\t<span class=\"down\"><svg class=\"e-font-icon-svg e-far-circle\" viewbox=\"0 0 512 512\" xmlns=\"http:\/\/www.w3.org\/2000\/svg\"><path d=\"M256 8C119 8 8 119 8 256s111 248 248 248 248-111 248-248S393 8 256 8zm0 448c-110.5 0-200-89.5-200-200S145.5 56 256 56s200 89.5 200 200-89.5 200-200 200z\"><\/path><\/svg><\/span>\r\n\t\t\t\t\t\t\t<span class=\"up\"><svg class=\"e-font-icon-svg e-far-check-circle\" viewbox=\"0 0 512 512\" xmlns=\"http:\/\/www.w3.org\/2000\/svg\"><path d=\"M256 8C119.033 8 8 119.033 8 256s111.033 248 248 248 248-111.033 248-248S392.967 8 256 8zm0 48c110.532 0 200 89.451 200 200 0 110.532-89.451 200-200 200-110.532 0-200-89.451-200-200 0-110.532 89.451-200 200-200m140.204 130.267l-22.536-22.718c-4.667-4.705-12.265-4.736-16.97-.068L215.346 303.697l-59.792-60.277c-4.667-4.705-12.265-4.736-16.97-.069l-22.719 22.536c-4.705 4.667-4.736 12.265-.068 16.971l90.781 91.516c4.667 4.705 12.265 4.736 16.97.068l172.589-171.204c4.704-4.668 4.734-12.266.067-16.971z\"><\/path><\/svg><\/span>\r\n\t\t\t\t\t\t\t\t\t\t\t\t\t\t\t<\/div>\r\n\t\t\t\t<div class=\"acc-content\">\r\n\t\t\t\t\t<p>\u00a0 \u00a0 \u00a0 \u00a0Y\u00fcksek kaliteyi uygun maliyette koruyarak; AR \u2013 GE bazl\u0131 projeler ile en i\u015flevsel tasar\u0131mlar\u0131n \u00fcretimini s\u00fcrekli bi\u00e7imde art\u0131rmak ve t\u00fcm payda\u015flar\u0131m\u0131z\u0131n beklentilerine \u00f6rg\u00fctsel verimlili\u011fi her ge\u00e7en dakika art\u0131rarak yan\u0131t vermek.<\/p>\t\t\t\t<\/div>\r\n\t\t\t<\/div>\r\n\t\t\t\t\t\t<div class=\"acc-item\">\r\n\t\t\t\t<div class=\"acc-toggle flex-middle\" data-default=\"\">V\u0130ZYON \r\n\t\t\t\t\t\t\t\t\t\t\t\t\t\t\t\t\t\t<span class=\"down\"><svg class=\"e-font-icon-svg e-far-circle\" viewbox=\"0 0 512 512\" xmlns=\"http:\/\/www.w3.org\/2000\/svg\"><path d=\"M256 8C119 8 8 119 8 256s111 248 248 248 248-111 248-248S393 8 256 8zm0 448c-110.5 0-200-89.5-200-200S145.5 56 256 56s200 89.5 200 200-89.5 200-200 200z\"><\/path><\/svg><\/span>\r\n\t\t\t\t\t\t\t<span class=\"up\"><svg class=\"e-font-icon-svg e-far-check-circle\" viewbox=\"0 0 512 512\" xmlns=\"http:\/\/www.w3.org\/2000\/svg\"><path d=\"M256 8C119.033 8 8 119.033 8 256s111.033 248 248 248 248-111.033 248-248S392.967 8 256 8zm0 48c110.532 0 200 89.451 200 200 0 110.532-89.451 200-200 200-110.532 0-200-89.451-200-200 0-110.532 89.451-200 200-200m140.204 130.267l-22.536-22.718c-4.667-4.705-12.265-4.736-16.97-.068L215.346 303.697l-59.792-60.277c-4.667-4.705-12.265-4.736-16.97-.069l-22.719 22.536c-4.705 4.667-4.736 12.265-.068 16.971l90.781 91.516c4.667 4.705 12.265 4.736 16.97.068l172.589-171.204c4.704-4.668 4.734-12.266.067-16.971z\"><\/path><\/svg><\/span>\r\n\t\t\t\t\t\t\t\t\t\t\t\t\t\t\t<\/div>\r\n\t\t\t\t<div class=\"acc-content\">\r\n\t\t\t\t\t<p>\u00a0 \u00a0 \u00a0 Tekno Mold LTD. \u015eT\u0130. birlik ve b\u00fct\u00fcnl\u00fck, anlay\u0131\u015f, m\u00fckemmellik, sorumluluk, yarat\u0131c\u0131l\u0131k gibi unsurlar\u0131 temel alan birtak\u0131m de\u011ferleri kurulu\u015fundan beri esas almaktad\u0131r. Bu de\u011ferler al\u0131nan her i\u015f karar\u0131na rehberlik etmektedir.<\/p>\t\t\t\t<\/div>\r\n\t\t\t<\/div>\r\n\t\t\t\t    <\/div>\r\n\r\n\t    \t\t\t\t<\/div>\n\t\t\t\t<\/div>\n\t\t\t\t\t<\/div>\n\t\t<\/div>\n\t\t\t\t<div class=\"elementor-column elementor-col-50 elementor-top-column elementor-element elementor-element-48663cc ot-flex-column-vertical\" data-id=\"48663cc\" data-element_type=\"column\" data-e-type=\"column\">\n\t\t\t<div class=\"elementor-widget-wrap\">\n\t\t\t\t\t\t\t<\/div>\n\t\t<\/div>\n\t\t\t\t\t<\/div>\n\t\t<\/section>\n\t\t\t\t<\/div>","protected":false},"excerpt":{"rendered":"<p>Hakk\u0131m\u0131zda Firmam\u0131z 2018 y\u0131l\u0131nda Yunus K\u00d6RO\u011eLU taraf\u0131ndan kurulmu\u015f ve \u00e7ok k\u0131sa s\u00fcrede siz de\u011ferli m\u00fc\u015fterilerimizin tevecc\u00fch\u00fcn\u00fc kazanarak yoluna devam etmektedir. Tekno Mold LTD. \u015eT\u0130. olarak uluslararas\u0131 standartlara uygun \u00fcr\u00fcnler kullanmakta ve \u00fcretmekteyiz. M\u0130SYON \u00a0 \u00a0 \u00a0 \u00a0Y\u00fcksek kaliteyi uygun maliyette koruyarak; AR \u2013 GE bazl\u0131 projeler ile en i\u015flevsel tasar\u0131mlar\u0131n \u00fcretimini s\u00fcrekli bi\u00e7imde art\u0131rmak ve [&hellip;]<\/p>","protected":false},"author":1,"featured_media":0,"parent":0,"menu_order":0,"comment_status":"closed","ping_status":"closed","template":"elementor_header_footer","meta":{"footnotes":""},"class_list":["post-1958","page","type-page","status-publish","hentry"],"_links":{"self":[{"href":"https:\/\/moldtekno.com\/en\/wp-json\/wp\/v2\/pages\/1958","targetHints":{"allow":["GET"]}}],"collection":[{"href":"https:\/\/moldtekno.com\/en\/wp-json\/wp\/v2\/pages"}],"about":[{"href":"https:\/\/moldtekno.com\/en\/wp-json\/wp\/v2\/types\/page"}],"author":[{"embeddable":true,"href":"https:\/\/moldtekno.com\/en\/wp-json\/wp\/v2\/users\/1"}],"replies":[{"embeddable":true,"href":"https:\/\/moldtekno.com\/en\/wp-json\/wp\/v2\/comments?post=1958"}],"version-history":[{"count":123,"href":"https:\/\/moldtekno.com\/en\/wp-json\/wp\/v2\/pages\/1958\/revisions"}],"predecessor-version":[{"id":7432,"href":"https:\/\/moldtekno.com\/en\/wp-json\/wp\/v2\/pages\/1958\/revisions\/7432"}],"wp:attachment":[{"href":"https:\/\/moldtekno.com\/en\/wp-json\/wp\/v2\/media?parent=1958"}],"curies":[{"name":"wp","href":"https:\/\/api.w.org\/{rel}","templated":true}]}}