{"id":2001,"date":"2023-11-21T03:37:44","date_gmt":"2023-11-21T00:37:44","guid":{"rendered":"http:\/\/localhost\/theratio\/?page_id=2001"},"modified":"2023-11-22T01:59:59","modified_gmt":"2023-11-21T22:59:59","slug":"politikalar","status":"publish","type":"page","link":"https:\/\/moldtekno.com\/en\/politikalar\/","title":{"rendered":"Politikalar"},"content":{"rendered":"<div data-elementor-type=\"wp-page\" data-elementor-id=\"2001\" class=\"elementor elementor-2001\" data-elementor-post-type=\"page\">\n\t\t\t\t\t\t<section class=\"elementor-section elementor-top-section elementor-element elementor-element-c4bcdb6 elementor-section-boxed elementor-section-height-default elementor-section-height-default\" data-id=\"c4bcdb6\" data-element_type=\"section\" data-e-type=\"section\">\n\t\t\t\t\t\t<div class=\"elementor-container elementor-column-gap-default\">\n\t\t\t\t\t<div class=\"elementor-column elementor-col-100 elementor-top-column elementor-element elementor-element-3ea1db7 ot-flex-column-vertical\" data-id=\"3ea1db7\" data-element_type=\"column\" data-e-type=\"column\">\n\t\t\t<div class=\"elementor-widget-wrap elementor-element-populated\">\n\t\t\t\t\t\t<div class=\"elementor-element elementor-element-bfce69d elementor-widget elementor-widget-itabs\" data-id=\"bfce69d\" data-element_type=\"widget\" data-e-type=\"widget\" data-widget_type=\"itabs.default\">\n\t\t\t\t<div class=\"elementor-widget-container\">\n\t\t\t\t\t\r\n\t\t<div class=\"ot-tabs\">\r\n\t\t\t\t\t\t<ul class=\"tabs-heading unstyle\">\r\n\t\t\t\t\t\t\t\t<li class=\"tab-link\" data-tab=\"tab-1973\">  Bilgilendirme Politikas\u0131  <\/li>\r\n\t\t\t\t\t\t\t\t<li class=\"tab-link\" data-tab=\"tab-2973\">Bilgi G\u00fcvenli\u011fi Politikas\u0131<\/li>\r\n\t\t\t\t\t\t\t\t<li class=\"tab-link\" data-tab=\"tab-3973\">\u00c7evre Politikas\u0131<\/li>\r\n\t\t\t\t\t\t\t<\/ul>\r\n\t\t\t\t\t\t<div id=\"tab-1973\" class=\"tab-content\">\r\n\t\t\t\t<h6><span style=\"color: #000000;\">\u00a0 \u00a0 \u00a0 \u00a0 \u00a0 Tekno Mold LTD. \u015eT\u0130.(\u201cTekno Mold \u201d veya \u201c\u015eirket\u201d) Bilgilendirme Politikas\u0131\u2019n\u0131n temel amac\u0131, pay ve menfaat sahiplerine, zaman\u0131nda, do\u011fru, eksiksiz ve anla\u015f\u0131labilir bilgi sunulmas\u0131n\u0131 sa\u011flamak; yaz\u0131l\u0131 ve s\u00f6zl\u00fc ileti\u015fimin esaslar\u0131n\u0131 belirlemektir. Bu bilgilendirme politikas\u0131 T\u00fcrk Ticaret Kanunu (\u201cTTK\u201d), yasal di\u011fer d\u00fczenlemeler ile Kurumsal Y\u00f6netim \u0130lkeleri esas al\u0131narak olu\u015fturulmu\u015ftur.<\/span><\/h6><h6><span style=\"color: #000000;\">Bilgilendirme Politikas\u0131\u2019n\u0131n olu\u015fturulmas\u0131, geli\u015ftirilmesi ve s\u00fcre\u00e7lerin takibinden Y\u00f6netim Kurulu taraf\u0131ndan g\u00f6revlendirilmi\u015f Kurumsal Y\u00f6netim ve Halkla \u0130li\u015fkiler Birimi sorumludur.<\/span><\/h6><h6><span style=\"color: #000000;\">\u015eirketimiz, kamuyu ayd\u0131nlatma ve bilgilendirme politikas\u0131n\u0131 hayata ge\u00e7irirken a\u015fa\u011f\u0131daki y\u00f6ntem ve ara\u00e7lardan yararlan\u0131r:<\/span><\/h6><h6><span style=\"color: #000000;\"><strong>A) Kurumsal Web sitesi arac\u0131l\u0131\u011f\u0131yla yap\u0131lan bilgilendirme<\/strong><\/span><\/h6><h6><span style=\"color: #000000;\">\u00a0 \u00a0 \u00a0 \u00a0 \u00a0 <a href=\"http:\/\/moldtekno.com\/\">Tekno Mold LTD. \u015eT\u0130.<\/a>\u00a0adresindeki web sitesinde Kurumsal Y\u00f6netim \u0130lkeleri kapsam\u0131nda \u015eirket\u2019e ili\u015fkin ayr\u0131nt\u0131l\u0131 bilgi, g\u00fcncel ve ge\u00e7mi\u015f verilere yer verilir. Web sitesinde izlenebilecek \u00f6nemli ba\u015fl\u0131klar \u015fu \u015fekilde \u00f6zetlenebilir:<\/span><\/h6><ul><li><h6><span style=\"color: #000000;\">Misyon, vizyon ve de\u011ferlerimiz<\/span><\/h6><\/li><li><h6><span style=\"color: #000000;\">Ticaret Sicil Bilgileri<\/span><\/h6><\/li><li><h6><span style=\"color: #000000;\">\u015eirket Yap\u0131s\u0131<\/span><\/h6><\/li><li><h6><span style=\"color: #000000;\">Kurumsal Y\u00f6netim Politikalar\u0131<\/span><\/h6><\/li><li><h6><span style=\"color: #000000;\">Etik Kurallar\u0131m\u0131z<\/span><\/h6><\/li><li><h6><span style=\"color: #000000;\">S\u0131k\u00e7a sorulan sorular<\/span><\/h6><\/li><li><h6><span style=\"color: #000000;\">Kurumsal Sosyal Sorumluluk faaliyetlerine ili\u015fkin bilgiler<\/span><\/h6><\/li><li><h6><span style=\"color: #000000;\">Faaliyet alan\u0131na ve \u00fcr\u00fcnlere ili\u015fkin bilgiler<\/span><\/h6><\/li><\/ul><h6>\u00a0<\/h6><h6><span style=\"color: #000000;\"><strong>B) Bas\u0131n yolu ile bilgilendirme ve bas\u0131nda yer alan haberlerin takibi<\/strong><\/span><\/h6><h6><span style=\"color: #000000;\">\u00a0 \u00a0 \u00a0 \u00a0 \u00a0 Y\u0131l sonu faaliyet sonu\u00e7lar\u0131 da dahil olmak \u00fczere \u015eirketimizin faaliyet sonu\u00e7lar\u0131, performans\u0131, d\u00f6nem i\u00e7indeki di\u011fer geli\u015fmeler ve gelecek planlar\u0131 ile ilgili bas\u0131n b\u00fcltenleri haz\u0131rlan\u0131r ve\/veya bas\u0131n toplant\u0131lar\u0131 d\u00fczenlenir. Bas\u0131n yolu ile yap\u0131lan s\u00f6z konusu \u00e7al\u0131\u015fmalar ve bas\u0131ndan gelen bilgi taleplerinin kar\u015f\u0131lanmas\u0131 Kurumsal \u0130leti\u015fim Birimi taraf\u0131ndan ger\u00e7ekle\u015ftirilir. A\u00e7\u0131klanan bas\u0131n b\u00fcltenleri web sitesinde g\u00fcncel olarak bulundurulur.<\/span><\/h6><h6><span style=\"color: #000000;\">\u015eirket hakk\u0131nda, TV, yaz\u0131l\u0131 bas\u0131n, internet ve radyo da dahil olmak \u00fczere yerel, ulusal veya uluslararas\u0131 bas\u0131n-yay\u0131n organlar\u0131nda yer alan her t\u00fcrl\u00fc haber Kurumsal \u0130leti\u015fim Birimi taraf\u0131ndan takip edilir. \u00dcst y\u00f6netim kadrosunun da bu bilgilerden yararlanmas\u0131 sa\u011flan\u0131r.<\/span><\/h6><h6><span style=\"color: #000000;\">E\u011fer \u015eirket ile ilgili ger\u00e7e\u011fe dayal\u0131 olmayan bir habere rastlan\u0131rsa, konu \u0130cra Kurulu Ba\u015fkan\u0131 ile birlikte de\u011ferlendirilir.<\/span><\/h6><h6>\u00a0<\/h6><h6><span style=\"color: #000000;\"><strong>C) Di\u011fer menfaat sahiplerine yap\u0131lan bilgilendirme<\/strong><\/span><\/h6><h6><span style=\"color: #000000;\">\u00a0 \u00a0 \u00a0 \u00a0 \u00a0 \u015eirketimize pay sahipleri veya menfaat sahipleri taraf\u0131ndan y\u00f6neltilen sorulara cevaben daha \u00f6nce kamuoyuna duyurulmam\u0131\u015f bir bilginin a\u00e7\u0131klanmas\u0131na ihtiya\u00e7 duyuldu\u011funda, Kurumsal Y\u00f6netim Komitesi\u2019nin koordinasyonunda, \u0130cra Kurulu Ba\u015fkan\u0131, Pay Sahipleri ile \u0130li\u015fkiler Birimi M\u00fcd\u00fcr\u00fc ve Kurumsal \u0130leti\u015fim Koordinat\u00f6r\u00fcnden olu\u015fan bir grup taraf\u0131ndan konu ele al\u0131narak Bilgilendirme Politikas\u0131 kapsam\u0131nda de\u011ferlendirilir.<\/span><\/h6><h6><span style=\"color: #000000;\">M\u00fc\u015fteri, tedarik\u00e7i ve t\u00fcketiciler taraf\u0131ndan telefon, elektronik posta, faks vb. ileti\u015fim ara\u00e7lar\u0131 arac\u0131l\u0131\u011f\u0131yla Petroes Dan\u0131\u015fma Hatt\u0131na ula\u015fan talepler ve sorular ile ilgili en ge\u00e7 24 saat i\u00e7inde geri d\u00f6n\u00fc\u015f yap\u0131larak ba\u015fvuru sahibine bilgi verilir. Konunun \u00e7\u00f6z\u00fcm\u00fcn\u00fcn daha fazla zaman gerektirmesi halinde s\u00fcrecin her a\u015famas\u0131nda ba\u015fvuru sahibi bilgilendirilir. \u00c7\u00f6z\u00fcmleme s\u00fcresi, ilgili y\u00f6neticinin performans kriteri olarak dikkate al\u0131n\u0131r.<\/span><\/h6>\t\t\t<\/div>\r\n\t\t\t\t\t\t<div id=\"tab-2973\" class=\"tab-content\">\r\n\t\t\t\t<h6><span style=\"color: #000000;\">\u00a0 \u00a0 \u00a0 \u00a0 \u00a0 \u0130novatif Enjeksiyon Kal\u0131plar\u0131, \u015ei\u015firme Kal\u0131plar\u0131 ve Ekipman \u00fcr\u00fcnleri end\u00fcstrisi \u00fcretim teknolojileri geli\u015ftiren, \u00fcreten, sat\u0131\u015f\u0131n\u0131 ger\u00e7ekle\u015ftiren ve b\u00f6ylelikle sanayiye ve t\u00fcm payda\u015flar\u0131na de\u011fer yaratan Tekno Mold, \u201cKal\u0131plama\u201d entegre i\u015f modeli \u00e7er\u00e7evesinde tedarik zincirinin en ba\u015f\u0131ndan en sonuna kadar kullan\u0131lan s\u00fcre\u00e7lerin ve i\u015flenen bilgilerin altyap\u0131s\u0131n\u0131 sa\u011flayan BGYS kapsam\u0131 dahilindeki birimlerde, bilgi g\u00fcvenli\u011fi y\u00f6netim sistemi kurmay\u0131, uygulamay\u0131, etkinli\u011fini g\u00f6zden ge\u00e7irmeyi ve s\u00fcrekli iyile\u015ftirmeyi, bilgi g\u00fcvenli\u011fi y\u00f6netim sistemi ama\u00e7 ve hedeflerine ula\u015fmak i\u00e7in gerekli kaynaklar\u0131 sa\u011flamay\u0131, yasal ve di\u011fer gerekliliklere uymay\u0131 taahh\u00fct etmi\u015ftir. Bilgi g\u00fcvenli\u011finin t\u00fcm \u00e7al\u0131\u015fanlar\u0131n\u0131n sorumlulu\u011funda oldu\u011funun ve bilginin istemli ya da istemsiz olarak kayb\u0131 veya usuls\u00fcz kullan\u0131lmas\u0131 durumunda hem \u015firketin hem de payda\u015flar\u0131n\u0131n \u00f6nemli zararlar g\u00f6rebilece\u011finin bilincindedir. Bu kapsamda Tekno Mold,<\/span><\/h6><ul><li><h6><span style=\"color: #000000;\">Bilgi varl\u0131klar\u0131n\u0131n gizlili\u011fini, b\u00fct\u00fcnl\u00fc\u011f\u00fcn\u00fc ve eri\u015filebilirli\u011fini sa\u011flamak amac\u0131yla, Bilgi G\u00fcvenli\u011fi Y\u00f6netim Sistemi Standard\u0131na dayal\u0131 bir bilgi g\u00fcvenli\u011fi y\u00f6netim sistemi kurmak, uygulamak, g\u00f6zden ge\u00e7irmek ve s\u00fcrekli iyile\u015ftirmek,<\/span><\/h6><\/li><li><h6><span style=\"color: #000000;\">Bilgi G\u00fcvenli\u011fi Y\u00f6netim Sistemin kurulmas\u0131 ve y\u00fcr\u00fct\u00fclmesi i\u00e7in yetki, rol ve sorumluluklar\u0131 belirlemek; bu yetki, rol ve sorumluluklar\u0131 periyodik olarak g\u00f6zden ge\u00e7irmek,<\/span><\/h6><\/li><li><h6><span style=\"color: #000000;\">Bilgi g\u00fcvenli\u011fiyle ilgili t\u00fcm yasal mevzuata ve s\u00f6zle\u015fmelere uyum sa\u011flamak,<\/span><\/h6><\/li><li><h6><span style=\"color: #000000;\">Bilginin ve bilgi varl\u0131klar\u0131n\u0131n korunmas\u0131 amac\u0131yla, belirli zaman aral\u0131klar\u0131nda riskleri belirlemek ve gereken aksiyonlar\u0131 alarak riskleri y\u00f6netmek,<\/span><\/h6><\/li><li><h6><span style=\"color: #000000;\">Ya\u015fanacak herhangi bir olumsuzluk kar\u015f\u0131s\u0131nda faaliyetlerinin ve payda\u015flar\u0131na olan sorumluluklar\u0131n\u0131n kesintiye u\u011framamas\u0131 i\u00e7in i\u015f s\u00fcreklili\u011fi planlar\u0131n\u0131 haz\u0131rlamak ve bu planlar\u0131 test etmek,<\/span><\/h6><\/li><li><h6><span style=\"color: #000000;\">Bilgi g\u00fcvenli\u011fi a\u00e7\u0131kl\u0131klar\u0131n\u0131 ve ihlal olaylar\u0131n\u0131 y\u00f6netmek ve tekrarlanmamas\u0131n\u0131 sa\u011flamak,<\/span><\/h6><\/li><li><h6><span style=\"color: #000000;\">Bilgi g\u00fcvenli\u011finin sa\u011flanmas\u0131nda en \u00f6nemli unsurun insan oldu\u011fu bilinci ile ba\u015fta \u00e7al\u0131\u015fanlar\u0131 ve kritik t\u00fcm di\u011fer payda\u015flar\u0131n\u0131n da bilgi g\u00fcvenli\u011fi konusunda fark\u0131ndal\u0131\u011f\u0131n\u0131 art\u0131racak e\u011fitimler d\u00fczenlemek ve sonu\u00e7lar\u0131n\u0131n takibini yapmak, ile y\u00fck\u00fcml\u00fcd\u00fcr.<\/span><\/h6><\/li><\/ul>\t\t\t<\/div>\r\n\t\t\t\t\t\t<div id=\"tab-3973\" class=\"tab-content\">\r\n\t\t\t\t<h6><span style=\"color: #000000;\">\u00a0 \u00a0 \u00a0 \u00a0 Tekno Mold LTD. \u015eT\u0130.(\u201cTekno Mold \u201d veya \u201c\u015eirket\u201d)<\/span><span style=\"color: #000000;\">\u00a0\u00c7evre Politikas\u0131\u2019n\u0131n temel amac\u0131; \u00e7evre ve do\u011fa korumas\u0131n\u0131 y\u00fcksek d\u00fczeyde sa\u011flayarak, toplumsal tahribat ve karbon ayak izini minimuma indirmek, s\u00fcrd\u00fcr\u00fclebilir kalk\u0131nmaya destek vermektir. \u00dcr\u00fcnlerimizin \u00e7evresel etkilerine ili\u015fkin de\u011ferlendirmeleri, \u00fcr\u00fcn tasar\u0131m s\u00fcrecine dahil etmek, herhangi bir yeni s\u00fcreci uygulamaya koymadan \u00f6nce s\u00fcrecin \u00e7evresel etkilerini de\u011ferlendirmek,<\/span><\/h6><ul><li><h6><span style=\"color: #000000;\">T\u00fcm yat\u0131r\u0131m ve tedariklerimizde \u00e7evresel etkiler ile risk ve f\u0131rsatlar\u0131 de\u011ferlendirmek ve m\u00fcmk\u00fcn oldu\u011funca olumsuz etkilerin en aza indirilmesini sa\u011flayacak mevcut en iyi teknikleri tercih etmek,<\/span><\/h6><\/li><li><h6><span style=\"color: #000000;\">Faaliyetlerimiz, \u00fcr\u00fcnlerimiz ve hizmetlerimizin \u00e7evre \u00fczerindeki etkisini en aza indirmek,<\/span><\/h6><\/li><li><h6><span style=\"color: #000000;\">\u00dcr\u00fcnlerimizin, \u00fcr\u00fcn ya\u015fam d\u00f6ng\u00fcs\u00fcn\u00fcn her a\u015famas\u0131nda \u00e7evre \u00fczerindeki olumsuz etkilerini en aza indirmek, at\u0131klar\u0131m\u0131z\u0131n toplanmas\u0131 ve geri d\u00f6n\u00fc\u015f\u00fcm\u00fc s\u00fcre\u00e7lerini en iyi \u00e7evresel performansla uygulamak ve geli\u015ftirmek,<\/span><\/h6><\/li><li><h6><span style=\"color: #000000;\">T\u00fcm \u00fcretim, geri kazan\u0131m ve hizmet faaliyetlerimiz s\u00fcresince do\u011fal kaynaklar\u0131 korumak i\u00e7in enerji ve su kullan\u0131m\u0131n\u0131 en aza indirmek ve do\u011fal kaynaklar\u0131 en verimli \u015fekilde kullanmak,<\/span><\/h6><\/li><li><h6><span style=\"color: #000000;\">Damla sulama, ya\u011fmur suyu kullan\u0131m\u0131 ve g\u00fcne\u015f enerjisi sistemleri kullan\u0131mlar\u0131yla \u00e7evresel fakt\u00f6rleri minimuma indirmek ve karbon ayak izimizi azaltmak,<\/span><\/h6><\/li><li><h6><span style=\"color: #000000;\">\u00c7evre performans\u0131m\u0131z\u0131 art\u0131rmak i\u00e7in, \u00e7evre y\u00f6netim sistemimizi etkin bir \u015fekilde uygulamak, d\u00fczenli olarak g\u00f6zden ge\u00e7irmek, gerekli hallerde g\u00fcncellemek ve \u00e7evre y\u00f6netim sistemimizin s\u00fcrekli iyile\u015ftirilmesini sa\u011flamak,<\/span><\/h6><\/li><li><h6><span style=\"color: #000000;\">\u00c7evre politikam\u0131zda benimsedi\u011fimiz taahh\u00fctleri ve \u00e7evresel ilkelerimizi; \u00e7al\u0131\u015fanlar\u0131m\u0131z, tedarik\u00e7ilerimiz, di\u011fer \u00e7\u00f6z\u00fcm ortaklar\u0131m\u0131z ve t\u00fcm payda\u015flar\u0131m\u0131z ile payla\u015fmak ve \u00e7e\u015fitli kanallar ile \u00e7evre bilin\u00e7lerini geli\u015ftirmektir.<\/span><\/h6><\/li><\/ul>\t\t\t<\/div>\r\n\t\t\t\t    <\/div>\r\n\r\n\t    \t\t\t\t<\/div>\n\t\t\t\t<\/div>\n\t\t\t\t<div class=\"elementor-element elementor-element-fcc7e53 elementor-widget-divider--view-line elementor-widget elementor-widget-divider\" data-id=\"fcc7e53\" data-element_type=\"widget\" data-e-type=\"widget\" data-widget_type=\"divider.default\">\n\t\t\t\t<div class=\"elementor-widget-container\">\n\t\t\t\t\t\t\t<div class=\"elementor-divider\">\n\t\t\t<span class=\"elementor-divider-separator\">\n\t\t\t\t\t\t<\/span>\n\t\t<\/div>\n\t\t\t\t\t\t<\/div>\n\t\t\t\t<\/div>\n\t\t\t\t\t<\/div>\n\t\t<\/div>\n\t\t\t\t\t<\/div>\n\t\t<\/section>\n\t\t\t\t<\/div>","protected":false},"excerpt":{"rendered":"<p>Bilgilendirme Politikas\u0131 Bilgi G\u00fcvenli\u011fi Politikas\u0131 \u00c7evre Politikas\u0131 \u00a0 \u00a0 \u00a0 \u00a0 \u00a0 Tekno Mold LTD. \u015eT\u0130.(\u201cTekno Mold \u201d veya \u201c\u015eirket\u201d) Bilgilendirme Politikas\u0131\u2019n\u0131n temel amac\u0131, pay ve menfaat sahiplerine, zaman\u0131nda, do\u011fru, eksiksiz ve anla\u015f\u0131labilir bilgi sunulmas\u0131n\u0131 sa\u011flamak; yaz\u0131l\u0131 ve s\u00f6zl\u00fc ileti\u015fimin esaslar\u0131n\u0131 belirlemektir. Bu bilgilendirme politikas\u0131 T\u00fcrk Ticaret Kanunu (\u201cTTK\u201d), yasal di\u011fer d\u00fczenlemeler ile Kurumsal Y\u00f6netim [&hellip;]<\/p>","protected":false},"author":1,"featured_media":0,"parent":0,"menu_order":0,"comment_status":"closed","ping_status":"closed","template":"elementor_header_footer","meta":{"footnotes":""},"class_list":["post-2001","page","type-page","status-publish","hentry"],"_links":{"self":[{"href":"https:\/\/moldtekno.com\/en\/wp-json\/wp\/v2\/pages\/2001","targetHints":{"allow":["GET"]}}],"collection":[{"href":"https:\/\/moldtekno.com\/en\/wp-json\/wp\/v2\/pages"}],"about":[{"href":"https:\/\/moldtekno.com\/en\/wp-json\/wp\/v2\/types\/page"}],"author":[{"embeddable":true,"href":"https:\/\/moldtekno.com\/en\/wp-json\/wp\/v2\/users\/1"}],"replies":[{"embeddable":true,"href":"https:\/\/moldtekno.com\/en\/wp-json\/wp\/v2\/comments?post=2001"}],"version-history":[{"count":18,"href":"https:\/\/moldtekno.com\/en\/wp-json\/wp\/v2\/pages\/2001\/revisions"}],"predecessor-version":[{"id":6886,"href":"https:\/\/moldtekno.com\/en\/wp-json\/wp\/v2\/pages\/2001\/revisions\/6886"}],"wp:attachment":[{"href":"https:\/\/moldtekno.com\/en\/wp-json\/wp\/v2\/media?parent=2001"}],"curies":[{"name":"wp","href":"https:\/\/api.w.org\/{rel}","templated":true}]}}