{"id":4105,"date":"2023-11-22T01:59:23","date_gmt":"2023-11-21T22:59:23","guid":{"rendered":"http:\/\/wpdemo.archiwp.com\/theratio\/?page_id=4105"},"modified":"2023-11-22T02:27:55","modified_gmt":"2023-11-21T23:27:55","slug":"uretim","status":"publish","type":"page","link":"https:\/\/moldtekno.com\/en\/uretim\/","title":{"rendered":"\u00dcretim"},"content":{"rendered":"<div data-elementor-type=\"wp-page\" data-elementor-id=\"4105\" class=\"elementor elementor-4105\" data-elementor-post-type=\"page\">\n\t\t\t\t\t\t<section class=\"elementor-section elementor-top-section elementor-element elementor-element-e9ac31c elementor-section-full_width elementor-section-height-default elementor-section-height-default\" data-id=\"e9ac31c\" data-element_type=\"section\" data-e-type=\"section\">\n\t\t\t\t\t\t<div class=\"elementor-container elementor-column-gap-default\">\n\t\t\t\t\t<div class=\"elementor-column elementor-col-100 elementor-top-column elementor-element elementor-element-5175207 ot-flex-column-vertical\" data-id=\"5175207\" data-element_type=\"column\" data-e-type=\"column\">\n\t\t\t<div class=\"elementor-widget-wrap elementor-element-populated\">\n\t\t\t\t\t\t<div class=\"elementor-element elementor-element-ec5d08a theratio-align-center elementor-widget elementor-widget-iheading\" data-id=\"ec5d08a\" data-element_type=\"widget\" data-e-type=\"widget\" data-widget_type=\"iheading.default\">\n\t\t\t\t<div class=\"elementor-widget-container\">\n\t\t\t\t\t\t\t<div class=\"ot-heading\">\r\n\t        \t        <h2 class=\"main-heading\">\u00dcRET\u0130M<\/h2>\t    <\/div>\r\n\t    \t\t\t\t<\/div>\n\t\t\t\t<\/div>\n\t\t\t\t\t<\/div>\n\t\t<\/div>\n\t\t\t\t\t<\/div>\n\t\t<\/section>\n\t\t\t\t<section class=\"elementor-section elementor-top-section elementor-element elementor-element-e68de94 elementor-section-boxed elementor-section-height-default elementor-section-height-default\" data-id=\"e68de94\" data-element_type=\"section\" data-e-type=\"section\">\n\t\t\t\t\t\t<div class=\"elementor-container elementor-column-gap-default\">\n\t\t\t\t\t<div class=\"elementor-column elementor-col-100 elementor-top-column elementor-element elementor-element-03e7a8e ot-flex-column-vertical\" data-id=\"03e7a8e\" data-element_type=\"column\" data-e-type=\"column\">\n\t\t\t<div class=\"elementor-widget-wrap elementor-element-populated\">\n\t\t\t\t\t\t<div class=\"elementor-element elementor-element-414cf7f elementor-widget elementor-widget-spacer\" data-id=\"414cf7f\" data-element_type=\"widget\" data-e-type=\"widget\" data-widget_type=\"spacer.default\">\n\t\t\t\t<div class=\"elementor-widget-container\">\n\t\t\t\t\t\t\t<div class=\"elementor-spacer\">\n\t\t\t<div class=\"elementor-spacer-inner\"><\/div>\n\t\t<\/div>\n\t\t\t\t\t\t<\/div>\n\t\t\t\t<\/div>\n\t\t\t\t<div class=\"elementor-element elementor-element-1da74a6 elementor-widget elementor-widget-image\" data-id=\"1da74a6\" data-element_type=\"widget\" data-e-type=\"widget\" data-widget_type=\"image.default\">\n\t\t\t\t<div class=\"elementor-widget-container\">\n\t\t\t\t\t\t\t\t\t\t\t\t\t\t\t<img fetchpriority=\"high\" decoding=\"async\" width=\"1024\" height=\"479\" src=\"https:\/\/moldtekno.com\/wp-content\/uploads\/2023\/11\/Uretim-Sureci-1024x479.png\" class=\"attachment-large size-large wp-image-7097\" alt=\"\" srcset=\"https:\/\/moldtekno.com\/wp-content\/uploads\/2023\/11\/Uretim-Sureci-1024x479.png 1024w, https:\/\/moldtekno.com\/wp-content\/uploads\/2023\/11\/Uretim-Sureci-300x140.png 300w, https:\/\/moldtekno.com\/wp-content\/uploads\/2023\/11\/Uretim-Sureci-768x359.png 768w, https:\/\/moldtekno.com\/wp-content\/uploads\/2023\/11\/Uretim-Sureci-18x8.png 18w, https:\/\/moldtekno.com\/wp-content\/uploads\/2023\/11\/Uretim-Sureci.png 1408w\" sizes=\"(max-width: 1024px) 100vw, 1024px\" \/>\t\t\t\t\t\t\t\t\t\t\t\t\t\t\t<\/div>\n\t\t\t\t<\/div>\n\t\t\t\t<div class=\"elementor-element elementor-element-a927227 elementor-widget elementor-widget-spacer\" data-id=\"a927227\" data-element_type=\"widget\" data-e-type=\"widget\" data-widget_type=\"spacer.default\">\n\t\t\t\t<div class=\"elementor-widget-container\">\n\t\t\t\t\t\t\t<div class=\"elementor-spacer\">\n\t\t\t<div class=\"elementor-spacer-inner\"><\/div>\n\t\t<\/div>\n\t\t\t\t\t\t<\/div>\n\t\t\t\t<\/div>\n\t\t\t\t<section class=\"elementor-section elementor-inner-section elementor-element elementor-element-d8a8439 elementor-section-boxed elementor-section-height-default elementor-section-height-default\" data-id=\"d8a8439\" data-element_type=\"section\" data-e-type=\"section\">\n\t\t\t\t\t\t<div class=\"elementor-container elementor-column-gap-default\">\n\t\t\t\t\t<div class=\"elementor-column elementor-col-25 elementor-inner-column elementor-element elementor-element-717726a ot-flex-column-vertical\" data-id=\"717726a\" data-element_type=\"column\" data-e-type=\"column\">\n\t\t\t<div class=\"elementor-widget-wrap elementor-element-populated\">\n\t\t\t\t\t\t<div class=\"elementor-element elementor-element-fbb1340 elementor-widget elementor-widget-text-editor\" data-id=\"fbb1340\" data-element_type=\"widget\" data-e-type=\"widget\" data-widget_type=\"text-editor.default\">\n\t\t\t\t<div class=\"elementor-widget-container\">\n\t\t\t\t\t\t\t\t\t<h6 style=\"text-align: center;\"><strong>Tasar\u0131m A\u015famas\u0131<\/strong><\/h6><p>M\u00fc\u015fterinin fikir ve beklentilerine g\u00f6re \u00f6n 3 boyutlu projeler ve \u00e7izimler olu\u015fturuyoruz.<\/p>\t\t\t\t\t\t\t\t<\/div>\n\t\t\t\t<\/div>\n\t\t\t\t\t<\/div>\n\t\t<\/div>\n\t\t\t\t<div class=\"elementor-column elementor-col-25 elementor-inner-column elementor-element elementor-element-d2618b8 ot-flex-column-vertical\" data-id=\"d2618b8\" data-element_type=\"column\" data-e-type=\"column\">\n\t\t\t<div class=\"elementor-widget-wrap elementor-element-populated\">\n\t\t\t\t\t\t<div class=\"elementor-element elementor-element-dc94adc elementor-widget elementor-widget-text-editor\" data-id=\"dc94adc\" data-element_type=\"widget\" data-e-type=\"widget\" data-widget_type=\"text-editor.default\">\n\t\t\t\t<div class=\"elementor-widget-container\">\n\t\t\t\t\t\t\t\t\t<h6 style=\"text-align: center;\"><strong>Analiz A\u015famas\u0131<\/strong><\/h6><p>Vizyon kabul edildi\u011finde, yap\u0131sal hesaplamalara, kuvvet modeline ve prototipin son versiyonuna ge\u00e7iyoruz. Prototip kabul edildikten sonra kal\u0131plar\u0131 yapmaya ge\u00e7iyoruz.<\/p>\t\t\t\t\t\t\t\t<\/div>\n\t\t\t\t<\/div>\n\t\t\t\t\t<\/div>\n\t\t<\/div>\n\t\t\t\t<div class=\"elementor-column elementor-col-25 elementor-inner-column elementor-element elementor-element-12a4dc5 ot-flex-column-vertical\" data-id=\"12a4dc5\" data-element_type=\"column\" data-e-type=\"column\">\n\t\t\t<div class=\"elementor-widget-wrap elementor-element-populated\">\n\t\t\t\t\t\t<div class=\"elementor-element elementor-element-f606d28 elementor-widget elementor-widget-text-editor\" data-id=\"f606d28\" data-element_type=\"widget\" data-e-type=\"widget\" data-widget_type=\"text-editor.default\">\n\t\t\t\t<div class=\"elementor-widget-container\">\n\t\t\t\t\t\t\t\t\t<h6 style=\"text-align: center;\"><strong>Kal\u0131p A\u015famas\u0131<\/strong><\/h6><p>Kal\u0131plar\u0131n yap\u0131m\u0131n\u0131 m\u00fc\u015fterinin isteklerine g\u00f6re bitiriyor ve polisaj i\u015flemini yap\u0131yoruz.<\/p>\t\t\t\t\t\t\t\t<\/div>\n\t\t\t\t<\/div>\n\t\t\t\t\t<\/div>\n\t\t<\/div>\n\t\t\t\t<div class=\"elementor-column elementor-col-25 elementor-inner-column elementor-element elementor-element-4843b65 ot-flex-column-vertical\" data-id=\"4843b65\" data-element_type=\"column\" data-e-type=\"column\">\n\t\t\t<div class=\"elementor-widget-wrap elementor-element-populated\">\n\t\t\t\t\t\t<div class=\"elementor-element elementor-element-92bd73f elementor-widget elementor-widget-text-editor\" data-id=\"92bd73f\" data-element_type=\"widget\" data-e-type=\"widget\" data-widget_type=\"text-editor.default\">\n\t\t\t\t<div class=\"elementor-widget-container\">\n\t\t\t\t\t\t\t\t\t<h6 style=\"text-align: center;\"><strong>\u00dcretim A\u015famas\u0131<\/strong><\/h6><p>Kal\u0131plar\u0131 m\u00fc\u015fterilere g\u00f6nderiyor ve yeni ambalajlar\u0131n montaj\u0131 ve \u00fcretimi konusunda onlara yard\u0131mc\u0131 oluyoruz.<\/p>\t\t\t\t\t\t\t\t<\/div>\n\t\t\t\t<\/div>\n\t\t\t\t\t<\/div>\n\t\t<\/div>\n\t\t\t\t\t<\/div>\n\t\t<\/section>\n\t\t\t\t\t<\/div>\n\t\t<\/div>\n\t\t\t\t\t<\/div>\n\t\t<\/section>\n\t\t\t\t<section class=\"elementor-section elementor-top-section elementor-element elementor-element-e0ee024 elementor-section-boxed elementor-section-height-default elementor-section-height-default\" data-id=\"e0ee024\" data-element_type=\"section\" data-e-type=\"section\">\n\t\t\t\t\t\t<div class=\"elementor-container elementor-column-gap-default\">\n\t\t\t\t\t<div class=\"elementor-column elementor-col-100 elementor-top-column elementor-element elementor-element-7730fb2 ot-flex-column-vertical\" data-id=\"7730fb2\" data-element_type=\"column\" data-e-type=\"column\">\n\t\t\t<div class=\"elementor-widget-wrap elementor-element-populated\">\n\t\t\t\t\t\t<div class=\"elementor-element elementor-element-82907d7 elementor-widget elementor-widget-spacer\" data-id=\"82907d7\" data-element_type=\"widget\" data-e-type=\"widget\" data-widget_type=\"spacer.default\">\n\t\t\t\t<div class=\"elementor-widget-container\">\n\t\t\t\t\t\t\t<div class=\"elementor-spacer\">\n\t\t\t<div class=\"elementor-spacer-inner\"><\/div>\n\t\t<\/div>\n\t\t\t\t\t\t<\/div>\n\t\t\t\t<\/div>\n\t\t\t\t\t<\/div>\n\t\t<\/div>\n\t\t\t\t\t<\/div>\n\t\t<\/section>\n\t\t\t\t<section class=\"elementor-section elementor-top-section elementor-element elementor-element-305e312 elementor-section-boxed elementor-section-height-default elementor-section-height-default\" data-id=\"305e312\" data-element_type=\"section\" data-e-type=\"section\">\n\t\t\t\t\t\t<div class=\"elementor-container elementor-column-gap-default\">\n\t\t\t\t\t<div class=\"elementor-column elementor-col-100 elementor-top-column elementor-element elementor-element-ba81da2 ot-flex-column-vertical\" data-id=\"ba81da2\" data-element_type=\"column\" data-e-type=\"column\">\n\t\t\t<div class=\"elementor-widget-wrap elementor-element-populated\">\n\t\t\t\t\t\t<div class=\"elementor-element elementor-element-ef1e38f elementor-widget elementor-widget-text-editor\" data-id=\"ef1e38f\" data-element_type=\"widget\" data-e-type=\"widget\" data-widget_type=\"text-editor.default\">\n\t\t\t\t<div class=\"elementor-widget-container\">\n\t\t\t\t\t\t\t\t\t<h5 style=\"text-align: center;\"><strong>Revizyon A\u015famas\u0131<\/strong><\/h5><p>M\u00fc\u015fterinin revizyon edilmesi gereken kal\u0131plar\u0131n\u0131 en ince ayr\u0131nt\u0131s\u0131na kadar inceledikten sonra tasar\u0131m a\u015famas\u0131ndan \u00fcretim a\u015famas\u0131na kadar kontrol\u00fcn\u00fc sa\u011fl\u0131yoruz.<\/p>\t\t\t\t\t\t\t\t<\/div>\n\t\t\t\t<\/div>\n\t\t\t\t<div class=\"elementor-element elementor-element-03121a9 elementor-widget elementor-widget-spacer\" data-id=\"03121a9\" data-element_type=\"widget\" data-e-type=\"widget\" data-widget_type=\"spacer.default\">\n\t\t\t\t<div class=\"elementor-widget-container\">\n\t\t\t\t\t\t\t<div class=\"elementor-spacer\">\n\t\t\t<div class=\"elementor-spacer-inner\"><\/div>\n\t\t<\/div>\n\t\t\t\t\t\t<\/div>\n\t\t\t\t<\/div>\n\t\t\t\t\t<\/div>\n\t\t<\/div>\n\t\t\t\t\t<\/div>\n\t\t<\/section>\n\t\t\t\t<\/div>","protected":false},"excerpt":{"rendered":"<p>\u00dcRET\u0130M Tasar\u0131m A\u015famas\u0131 M\u00fc\u015fterinin fikir ve beklentilerine g\u00f6re \u00f6n 3 boyutlu projeler ve \u00e7izimler olu\u015fturuyoruz. Analiz A\u015famas\u0131 Vizyon kabul edildi\u011finde, yap\u0131sal hesaplamalara, kuvvet modeline ve prototipin son versiyonuna ge\u00e7iyoruz. Prototip kabul edildikten sonra kal\u0131plar\u0131 yapmaya ge\u00e7iyoruz. Kal\u0131p A\u015famas\u0131 Kal\u0131plar\u0131n yap\u0131m\u0131n\u0131 m\u00fc\u015fterinin isteklerine g\u00f6re bitiriyor ve polisaj i\u015flemini yap\u0131yoruz. \u00dcretim A\u015famas\u0131 Kal\u0131plar\u0131 m\u00fc\u015fterilere g\u00f6nderiyor ve yeni [&hellip;]<\/p>","protected":false},"author":1,"featured_media":0,"parent":0,"menu_order":0,"comment_status":"closed","ping_status":"closed","template":"elementor_header_footer","meta":{"footnotes":""},"class_list":["post-4105","page","type-page","status-publish","hentry"],"_links":{"self":[{"href":"https:\/\/moldtekno.com\/en\/wp-json\/wp\/v2\/pages\/4105","targetHints":{"allow":["GET"]}}],"collection":[{"href":"https:\/\/moldtekno.com\/en\/wp-json\/wp\/v2\/pages"}],"about":[{"href":"https:\/\/moldtekno.com\/en\/wp-json\/wp\/v2\/types\/page"}],"author":[{"embeddable":true,"href":"https:\/\/moldtekno.com\/en\/wp-json\/wp\/v2\/users\/1"}],"replies":[{"embeddable":true,"href":"https:\/\/moldtekno.com\/en\/wp-json\/wp\/v2\/comments?post=4105"}],"version-history":[{"count":25,"href":"https:\/\/moldtekno.com\/en\/wp-json\/wp\/v2\/pages\/4105\/revisions"}],"predecessor-version":[{"id":7109,"href":"https:\/\/moldtekno.com\/en\/wp-json\/wp\/v2\/pages\/4105\/revisions\/7109"}],"wp:attachment":[{"href":"https:\/\/moldtekno.com\/en\/wp-json\/wp\/v2\/media?parent=4105"}],"curies":[{"name":"wp","href":"https:\/\/api.w.org\/{rel}","templated":true}]}}